{"id":8986,"date":"2022-11-30T16:01:57","date_gmt":"2022-11-30T15:01:57","guid":{"rendered":"https:\/\/lullabi.it\/?post_type=product&#038;p=8986"},"modified":"2023-11-23T12:21:50","modified_gmt":"2023-11-23T11:21:50","slug":"scialle-nascita-in-lana-merinos-e-cashmere-cammello","status":"publish","type":"product","link":"https:\/\/lullabi.it\/en\/prodotto\/scialle-nascita-in-lana-merinos-e-cashmere-cammello\/","title":{"rendered":"Scialle nascita in lana merinos e cashmere &#8211; cammello"},"content":{"rendered":"\t\t<div data-elementor-type=\"wp-post\" data-elementor-id=\"8986\" class=\"elementor elementor-8986\">\n\t\t\t\t\t\t<section class=\"wd-negative-gap elementor-section elementor-top-section elementor-element elementor-element-235c261 elementor-section-boxed elementor-section-height-default elementor-section-height-default\" data-id=\"235c261\" data-element_type=\"section\">\n\t\t\t\t\t\t<div class=\"elementor-container elementor-column-gap-default\">\n\t\t\t\t\t<div class=\"elementor-column elementor-col-33 elementor-top-column elementor-element elementor-element-7113d4b\" data-id=\"7113d4b\" data-element_type=\"column\">\n\t\t\t<div class=\"elementor-widget-wrap elementor-element-populated\">\n\t\t\t\t\t\t<div class=\"elementor-element elementor-element-54792bf elementor-widget elementor-widget-wd_text_block\" data-id=\"54792bf\" data-element_type=\"widget\" data-widget_type=\"wd_text_block.default\">\n\t\t\t\t<div class=\"elementor-widget-container\">\n\t\t\t\t\t\t\t<div class=\"wd-text-block reset-last-child text-left\">\n\t\t\t\n\t\t\t<h3>PRODOTTO MADE IN ITALY<\/h3><ul class=\"unordered-list\"><li>Realizzato con materiali di alta qualit\u00e0, morbidi e traspiranti<\/li><li>Dimensioni sacco: 100cm (lunghezza) x 48 cm (larghezza)<\/li><li>Comodo da inserire nel passeggino.<\/li><li>Garantisce la temperatura ideale.<\/li><li>Ampio cappuccio per la protezione della testa.<\/li><li>Tessuto interno in morbido cotone.<\/li><li>COMPOSIZIONE: 90% lana merinos fine 10% cashmere.<\/li><li>LAVAGGIO: seguire attentamente le istruzioni riportate sull'etichetta.<\/li><\/ul>\n\t\t\t\t\t<\/div>\n\t\t\t\t\t\t<\/div>\n\t\t\t\t<\/div>\n\t\t\t\t\t<\/div>\n\t\t<\/div>\n\t\t\t\t<div class=\"elementor-column elementor-col-33 elementor-top-column elementor-element elementor-element-aae065d\" data-id=\"aae065d\" data-element_type=\"column\">\n\t\t\t<div class=\"elementor-widget-wrap elementor-element-populated\">\n\t\t\t\t\t\t<div class=\"elementor-element elementor-element-ee8c691 elementor-widget elementor-widget-wd_image_or_svg\" data-id=\"ee8c691\" data-element_type=\"widget\" data-widget_type=\"wd_image_or_svg.default\">\n\t\t\t\t<div class=\"elementor-widget-container\">\n\t\t\t\t\t\n\t\t<div class=\"wd-image text-center\">\n\t\t\t\t\t\t\t\t<img loading=\"lazy\" decoding=\"async\" width=\"221\" height=\"224\" src=\"https:\/\/lullabi.it\/wp-content\/uploads\/2022\/11\/lullabisolologo.png\" class=\"attachment-full size-full\" alt=\"\" srcset=\"https:\/\/lullabi.it\/wp-content\/uploads\/2022\/11\/lullabisolologo.png 221w, https:\/\/lullabi.it\/wp-content\/uploads\/2022\/11\/lullabisolologo-150x152.png 150w\" sizes=\"auto, (max-width: 221px) 100vw, 221px\" \/>\t\t\t\t\t<\/div>\n\n\t\t\t\t\t\t<\/div>\n\t\t\t\t<\/div>\n\t\t\t\t\t<\/div>\n\t\t<\/div>\n\t\t\t\t<div class=\"elementor-column elementor-col-33 elementor-top-column elementor-element elementor-element-aae609e\" data-id=\"aae609e\" data-element_type=\"column\">\n\t\t\t<div class=\"elementor-widget-wrap elementor-element-populated\">\n\t\t\t\t\t\t<div class=\"elementor-element elementor-element-ed5ccda elementor-widget elementor-widget-wd_image_or_svg\" data-id=\"ed5ccda\" data-element_type=\"widget\" data-widget_type=\"wd_image_or_svg.default\">\n\t\t\t\t<div class=\"elementor-widget-container\">\n\t\t\t\t\t\n\t\t<div class=\"wd-image text-center\">\n\t\t\t\t\t\t\t\t<img loading=\"lazy\" decoding=\"async\" width=\"300\" height=\"185\" src=\"https:\/\/lullabi.it\/wp-content\/uploads\/2022\/11\/madeinitaly.jpg\" class=\"attachment-full size-full\" alt=\"\" srcset=\"https:\/\/lullabi.it\/wp-content\/uploads\/2022\/11\/madeinitaly.jpg 300w, https:\/\/lullabi.it\/wp-content\/uploads\/2022\/11\/madeinitaly-150x93.jpg 150w\" sizes=\"auto, (max-width: 300px) 100vw, 300px\" \/>\t\t\t\t\t<\/div>\n\n\t\t\t\t\t\t<\/div>\n\t\t\t\t<\/div>\n\t\t\t\t\t<\/div>\n\t\t<\/div>\n\t\t\t\t\t<\/div>\n\t\t<\/section>\n\t\t\t\t<\/div>\n\t\t","protected":false},"excerpt":{"rendered":"<p>Lo scialle nascita \u00e8 un capo utile e versatile, indispensabile dalla nascita fino ai primi anni del beb\u00e8 come un vero doudou, accoglier\u00e0 nei primi giorni il piccolo facendolo sentire al sicuro.<br \/>\nI neonati soprattutto nei primi mesi di vita cercano un continuo contatto per sentirsi protetti e sereni. Realizzato in lana merinos e cashmere con propriet\u00e0 termoregolatrici e rispetto alla lana convenzionale non graffia e non pizzica, quindi pi\u00f9 adatto alle pelli sensibili del bambino.<\/p>\n","protected":false},"featured_media":8987,"comment_status":"open","ping_status":"closed","template":"","meta":{"_acf_changed":false},"product_brand":[],"product_cat":[170],"product_tag":[],"class_list":{"0":"post-8986","1":"product","2":"type-product","3":"status-publish","4":"has-post-thumbnail","6":"product_cat-covers","7":"pa_colori-light-blue","8":"pa_colori-beige-en","9":"pa_colori-white","10":"pa_colori-bluette-en","11":"pa_colori-camel","12":"pa_colori-baby-pink","13":"pa_colori-green","15":"first","16":"instock","17":"taxable","18":"shipping-taxable","19":"purchasable","20":"product-type-simple"},"acf":[],"_links":{"self":[{"href":"https:\/\/lullabi.it\/en\/wp-json\/wp\/v2\/product\/8986","targetHints":{"allow":["GET"]}}],"collection":[{"href":"https:\/\/lullabi.it\/en\/wp-json\/wp\/v2\/product"}],"about":[{"href":"https:\/\/lullabi.it\/en\/wp-json\/wp\/v2\/types\/product"}],"replies":[{"embeddable":true,"href":"https:\/\/lullabi.it\/en\/wp-json\/wp\/v2\/comments?post=8986"}],"version-history":[{"count":0,"href":"https:\/\/lullabi.it\/en\/wp-json\/wp\/v2\/product\/8986\/revisions"}],"wp:featuredmedia":[{"embeddable":true,"href":"https:\/\/lullabi.it\/en\/wp-json\/wp\/v2\/media\/8987"}],"wp:attachment":[{"href":"https:\/\/lullabi.it\/en\/wp-json\/wp\/v2\/media?parent=8986"}],"wp:term":[{"taxonomy":"product_brand","embeddable":true,"href":"https:\/\/lullabi.it\/en\/wp-json\/wp\/v2\/product_brand?post=8986"},{"taxonomy":"product_cat","embeddable":true,"href":"https:\/\/lullabi.it\/en\/wp-json\/wp\/v2\/product_cat?post=8986"},{"taxonomy":"product_tag","embeddable":true,"href":"https:\/\/lullabi.it\/en\/wp-json\/wp\/v2\/product_tag?post=8986"}],"curies":[{"name":"wp","href":"https:\/\/api.w.org\/{rel}","templated":true}]}}