{"id":28953,"date":"2025-09-24T12:55:30","date_gmt":"2025-09-24T11:55:30","guid":{"rendered":"https:\/\/lullabi.it\/?post_type=product&#038;p=28953"},"modified":"2025-09-24T14:12:31","modified_gmt":"2025-09-24T13:12:31","slug":"calze-lunghe-traforate","status":"publish","type":"product","link":"https:\/\/lullabi.it\/es\/prodotto\/calze-lunghe-traforate\/","title":{"rendered":"Calze lunghe traforate ponpon"},"content":{"rendered":"\t\t<div data-elementor-type=\"wp-post\" data-elementor-id=\"28953\" class=\"elementor elementor-28953\">\n\t\t\t\t\t\t<section class=\"wd-negative-gap elementor-section elementor-top-section elementor-element elementor-element-235c261 elementor-section-boxed elementor-section-height-default elementor-section-height-default\" data-id=\"235c261\" data-element_type=\"section\">\n\t\t\t\t\t\t<div class=\"elementor-container elementor-column-gap-default\">\n\t\t\t\t\t<div class=\"elementor-column elementor-col-33 elementor-top-column elementor-element elementor-element-7113d4b\" data-id=\"7113d4b\" data-element_type=\"column\">\n\t\t\t<div class=\"elementor-widget-wrap elementor-element-populated\">\n\t\t\t\t\t\t<div class=\"elementor-element elementor-element-54792bf elementor-widget elementor-widget-wd_text_block\" data-id=\"54792bf\" data-element_type=\"widget\" data-widget_type=\"wd_text_block.default\">\n\t\t\t\t<div class=\"elementor-widget-container\">\n\t\t\t\t\t\t\t<div class=\"wd-text-block reset-last-child text-left\">\n\t\t\t\n\t\t\t<h3>PRODOTTO MADE IN ITALY<\/h3><ul class=\"unordered-list\"><li>Realizzato con materiali di alta qualit\u00e0, morbidi e traspiranti<\/li><li>Composizione: 100% cotone<\/li><li>LAVAGGIO: seguire attentamente le istruzioni riportate sull'etichetta.<\/li><\/ul>\n\t\t\t\t\t<\/div>\n\t\t\t\t\t\t<\/div>\n\t\t\t\t<\/div>\n\t\t\t\t\t<\/div>\n\t\t<\/div>\n\t\t\t\t<div class=\"elementor-column elementor-col-33 elementor-top-column elementor-element elementor-element-aae065d\" data-id=\"aae065d\" data-element_type=\"column\">\n\t\t\t<div class=\"elementor-widget-wrap elementor-element-populated\">\n\t\t\t\t\t\t<div class=\"elementor-element elementor-element-ee8c691 elementor-widget elementor-widget-wd_image_or_svg\" data-id=\"ee8c691\" data-element_type=\"widget\" data-widget_type=\"wd_image_or_svg.default\">\n\t\t\t\t<div class=\"elementor-widget-container\">\n\t\t\t\t\t\n\t\t<div class=\"wd-image text-center\">\n\t\t\t\t\t\t\t\t<img loading=\"lazy\" decoding=\"async\" width=\"221\" height=\"224\" src=\"https:\/\/lullabi.it\/wp-content\/uploads\/2022\/11\/lullabisolologo.png\" class=\"attachment-full size-full\" alt=\"\" srcset=\"https:\/\/lullabi.it\/wp-content\/uploads\/2022\/11\/lullabisolologo.png 221w, https:\/\/lullabi.it\/wp-content\/uploads\/2022\/11\/lullabisolologo-150x152.png 150w\" sizes=\"auto, (max-width: 221px) 100vw, 221px\" \/>\t\t\t\t\t<\/div>\n\n\t\t\t\t\t\t<\/div>\n\t\t\t\t<\/div>\n\t\t\t\t\t<\/div>\n\t\t<\/div>\n\t\t\t\t<div class=\"elementor-column elementor-col-33 elementor-top-column elementor-element elementor-element-aae609e\" data-id=\"aae609e\" data-element_type=\"column\">\n\t\t\t<div class=\"elementor-widget-wrap elementor-element-populated\">\n\t\t\t\t\t\t<div class=\"elementor-element elementor-element-ed5ccda elementor-widget elementor-widget-wd_image_or_svg\" data-id=\"ed5ccda\" data-element_type=\"widget\" data-widget_type=\"wd_image_or_svg.default\">\n\t\t\t\t<div class=\"elementor-widget-container\">\n\t\t\t\t\t\n\t\t<div class=\"wd-image text-center\">\n\t\t\t\t\t\t\t\t<img loading=\"lazy\" decoding=\"async\" width=\"300\" height=\"185\" src=\"https:\/\/lullabi.it\/wp-content\/uploads\/2022\/11\/madeinitaly.jpg\" class=\"attachment-full size-full\" alt=\"\" srcset=\"https:\/\/lullabi.it\/wp-content\/uploads\/2022\/11\/madeinitaly.jpg 300w, https:\/\/lullabi.it\/wp-content\/uploads\/2022\/11\/madeinitaly-150x93.jpg 150w\" sizes=\"auto, (max-width: 300px) 100vw, 300px\" \/>\t\t\t\t\t<\/div>\n\n\t\t\t\t\t\t<\/div>\n\t\t\t\t<\/div>\n\t\t\t\t\t<\/div>\n\t\t<\/div>\n\t\t\t\t\t<\/div>\n\t\t<\/section>\n\t\t\t\t<\/div>\n\t\t","protected":false},"excerpt":{"rendered":"<p>Qualit\u00e0 eccelsa delle materie prime utilizzate, vestibilit\u00e0 dei capi e la struttura di essi sono garantiti anche dopo numerosi lavaggi. La tenuta della calza \u00e8 assicurata senza costrizione. La punta e il tallone vengono in ogni caso rinforzati per assicurare la resistenza nel tempo.<\/p>\n","protected":false},"featured_media":28900,"comment_status":"open","ping_status":"closed","template":"","meta":{"_acf_changed":false},"product_brand":[],"product_cat":[88],"product_tag":[],"class_list":{"0":"post-28953","1":"product","2":"type-product","3":"status-publish","4":"has-post-thumbnail","6":"product_cat-calze","7":"pa_colori-azzurro","8":"pa_colori-rosa-b","9":"pa_colori-panna","11":"first","12":"instock","13":"taxable","14":"shipping-taxable","15":"purchasable","16":"product-type-variable"},"acf":[],"_links":{"self":[{"href":"https:\/\/lullabi.it\/es\/wp-json\/wp\/v2\/product\/28953","targetHints":{"allow":["GET"]}}],"collection":[{"href":"https:\/\/lullabi.it\/es\/wp-json\/wp\/v2\/product"}],"about":[{"href":"https:\/\/lullabi.it\/es\/wp-json\/wp\/v2\/types\/product"}],"replies":[{"embeddable":true,"href":"https:\/\/lullabi.it\/es\/wp-json\/wp\/v2\/comments?post=28953"}],"version-history":[{"count":2,"href":"https:\/\/lullabi.it\/es\/wp-json\/wp\/v2\/product\/28953\/revisions"}],"predecessor-version":[{"id":28983,"href":"https:\/\/lullabi.it\/es\/wp-json\/wp\/v2\/product\/28953\/revisions\/28983"}],"wp:featuredmedia":[{"embeddable":true,"href":"https:\/\/lullabi.it\/es\/wp-json\/wp\/v2\/media\/28900"}],"wp:attachment":[{"href":"https:\/\/lullabi.it\/es\/wp-json\/wp\/v2\/media?parent=28953"}],"wp:term":[{"taxonomy":"product_brand","embeddable":true,"href":"https:\/\/lullabi.it\/es\/wp-json\/wp\/v2\/product_brand?post=28953"},{"taxonomy":"product_cat","embeddable":true,"href":"https:\/\/lullabi.it\/es\/wp-json\/wp\/v2\/product_cat?post=28953"},{"taxonomy":"product_tag","embeddable":true,"href":"https:\/\/lullabi.it\/es\/wp-json\/wp\/v2\/product_tag?post=28953"}],"curies":[{"name":"wp","href":"https:\/\/api.w.org\/{rel}","templated":true}]}}